{"id":345,"date":"2023-03-16T17:48:20","date_gmt":"2023-03-16T23:48:20","guid":{"rendered":"http:\/\/www.fundacionsannicolas.org\/trayectoria\/"},"modified":"2023-03-30T11:44:29","modified_gmt":"2023-03-30T17:44:29","slug":"trayectoria","status":"publish","type":"page","link":"https:\/\/www.fundacionsannicolas.org\/en\/trayectoria\/","title":{"rendered":"Our Path"},"content":{"rendered":"<p>[et_pb_section fb_built=&#8221;1&#8243; _builder_version=&#8221;4.20.2&#8243; _module_preset=&#8221;default&#8221; custom_padding=&#8221;20px|||||&#8221; global_colors_info=&#8221;{}&#8221;][et_pb_row _builder_version=&#8221;4.20.2&#8243; _module_preset=&#8221;default&#8221; global_colors_info=&#8221;{}&#8221;][et_pb_column type=&#8221;4_4&#8243; _builder_version=&#8221;4.20.2&#8243; _module_preset=&#8221;default&#8221; global_colors_info=&#8221;{}&#8221;][et_pb_text _builder_version=&#8221;4.20.2&#8243; _module_preset=&#8221;default&#8221; text_orientation=&#8221;center&#8221; global_colors_info=&#8221;{}&#8221;]<\/p>\n<h1>Our Path<\/h1>\n<p>[\/et_pb_text][\/et_pb_column][\/et_pb_row][et_pb_row column_structure=&#8221;1_2,1_2&#8243; make_equal=&#8221;on&#8221; _builder_version=&#8221;4.20.2&#8243; _module_preset=&#8221;default&#8221; width=&#8221;100%&#8221; max_width=&#8221;2560px&#8221; custom_padding=&#8221;0px||0px|||&#8221; global_colors_info=&#8221;{}&#8221;][et_pb_column type=&#8221;1_2&#8243; _builder_version=&#8221;4.20.2&#8243; _module_preset=&#8221;default&#8221; global_colors_info=&#8221;{}&#8221;][et_pb_video src=&#8221;https:\/\/www.fundacionsannicolas.org\/wp-content\/uploads\/2023\/03\/Video-Fundacion-San-Nicolas-ext.mp4&#8243; _builder_version=&#8221;4.20.2&#8243; _module_preset=&#8221;default&#8221; custom_margin=&#8221;||||false|false&#8221; global_colors_info=&#8221;{}&#8221;][\/et_pb_video][\/et_pb_column][et_pb_column type=&#8221;1_2&#8243; _builder_version=&#8221;4.20.2&#8243; _module_preset=&#8221;default&#8221; custom_padding_tablet=&#8221;50px|50px|50px|50px|true|true&#8221; custom_padding_phone=&#8221;35px|35px|35px|35px|true|true&#8221; custom_padding_last_edited=&#8221;on|phone&#8221; global_colors_info=&#8221;{}&#8221;][et_pb_text _builder_version=&#8221;4.20.2&#8243; _module_preset=&#8221;default&#8221; text_orientation=&#8221;justified&#8221; custom_padding=&#8221;|35px|35px||false|false&#8221; global_colors_info=&#8221;{}&#8221;]<\/p>\n<h2>The Foundation<\/h2>\n<p>The earthquake of October 10, 1986, absolutely damaged one of the two existing San Nicol\u00e1s drug stores in downtown San Salvador. Grupo San Nicol\u00e1s with its social conscience and with the faith in God of its founder, Dr. V\u00edctor Silhy, took the decision to guarantee its employees their jobs. In addition, he decided to provide them the needed capital to rebuild their homes.<\/p>\n<p>The humanitarian vision of Dr. Silhy and his family led him to create the San Nicol\u00e1s Foundation, with the aim of helping the most needed and vulnerable people, contributing to El Salvador\u00b4s development.<\/p>\n<p>[\/et_pb_text][\/et_pb_column][\/et_pb_row][et_pb_row column_structure=&#8221;1_2,1_2&#8243; make_equal=&#8221;on&#8221; _builder_version=&#8221;4.20.2&#8243; _module_preset=&#8221;default&#8221; background_color=&#8221;#008E96&#8243; width=&#8221;100%&#8221; max_width=&#8221;2560px&#8221; custom_padding=&#8221;0px||0px|||&#8221; global_colors_info=&#8221;{}&#8221;][et_pb_column type=&#8221;1_2&#8243; _builder_version=&#8221;4.20.2&#8243; _module_preset=&#8221;default&#8221; custom_padding=&#8221;25px|25px|25px|25px|true|true&#8221; custom_padding_tablet=&#8221;50px|50px|50px|50px|true|true&#8221; custom_padding_phone=&#8221;35px|35px|35px|35px|true|true&#8221; custom_padding_last_edited=&#8221;on|phone&#8221; global_colors_info=&#8221;{}&#8221;][et_pb_text _builder_version=&#8221;4.20.2&#8243; _module_preset=&#8221;default&#8221; header_text_color=&#8221;#EC008C&#8221; header_2_text_color=&#8221;#EC008C&#8221; text_orientation=&#8221;justified&#8221; background_layout=&#8221;dark&#8221; custom_margin=&#8221;187px|||||&#8221; custom_padding=&#8221;|50px||50px|false|true&#8221; global_colors_info=&#8221;{}&#8221;]<\/p>\n<h2>About Us<\/h2>\n<p>Fundaci\u00f3n San Nicol\u00e1s is a private non &#8211; profit organization inspired by the ongoing commitment to contribute to the reduction of extreme poverty in El Salvador, Central America, mainly through human development and education.<\/p>\n<p>As a non-profit organization, we develop humanitarian aid projects for our internal stakeholders and their families; as well as, for our external stakeholders to support our country\u00b4s development.\u00a0 Our approach to serve the most vulnerable of our society results in a positive impact in the reduction of El Salvador\u00b4s poverty index. \u00a0<\/p>\n<p>[\/et_pb_text][\/et_pb_column][et_pb_column type=&#8221;1_2&#8243; _builder_version=&#8221;4.20.2&#8243; _module_preset=&#8221;default&#8221; global_colors_info=&#8221;{}&#8221;][et_pb_image src=&#8221;https:\/\/www.fundacionsannicolas.org\/wp-content\/uploads\/2023\/03\/Sobre-la-Fundacion-San-Nicolas.jpg&#8221; alt=&#8221;Sobre la Fundaci\u00f3n San Nicolas&#8221; title_text=&#8221;Sobre la Fundaci\u00f3n San Nicolas&#8221; _builder_version=&#8221;4.20.2&#8243; _module_preset=&#8221;default&#8221; global_colors_info=&#8221;{}&#8221;][\/et_pb_image][\/et_pb_column][\/et_pb_row][et_pb_row column_structure=&#8221;1_3,1_3,1_3&#8243; _builder_version=&#8221;4.20.2&#8243; _module_preset=&#8221;default&#8221; global_colors_info=&#8221;{}&#8221;][et_pb_column type=&#8221;1_3&#8243; _builder_version=&#8221;4.20.2&#8243; _module_preset=&#8221;default&#8221; global_colors_info=&#8221;{}&#8221;][et_pb_blurb title=&#8221;Mision&#8221; use_icon=&#8221;on&#8221; font_icon=&#8221;&#xe078;||divi||400&#8243; icon_color=&#8221;#EC008C&#8221; image_icon_width=&#8221;60px&#8221; _builder_version=&#8221;4.20.2&#8243; _module_preset=&#8221;default&#8221; header_font=&#8221;|700|||||||&#8221; header_font_size=&#8221;22px&#8221; text_orientation=&#8221;center&#8221; global_colors_info=&#8221;{}&#8221;]<\/p>\n<p>To develop social action programs intended to favor those who need it most, thereby using all the effort needed within and outside our organization.<\/p>\n<p>[\/et_pb_blurb][\/et_pb_column][et_pb_column type=&#8221;1_3&#8243; _builder_version=&#8221;4.20.2&#8243; _module_preset=&#8221;default&#8221; global_colors_info=&#8221;{}&#8221;][et_pb_blurb title=&#8221;Vision&#8221; use_icon=&#8221;on&#8221; font_icon=&#8221;&#xe080;||divi||400&#8243; icon_color=&#8221;#EC008C&#8221; image_icon_width=&#8221;60px&#8221; _builder_version=&#8221;4.20.2&#8243; _module_preset=&#8221;default&#8221; header_font=&#8221;|700|||||||&#8221; header_font_size=&#8221;22px&#8221; text_orientation=&#8221;center&#8221; locked=&#8221;off&#8221; global_colors_info=&#8221;{}&#8221;]<\/p>\n<p>To be a foundation with high impact on social responsibility programs targeted to the neediest groups of our country.<\/p>\n<p>[\/et_pb_blurb][\/et_pb_column][et_pb_column type=&#8221;1_3&#8243; _builder_version=&#8221;4.20.2&#8243; _module_preset=&#8221;default&#8221; global_colors_info=&#8221;{}&#8221;][et_pb_blurb title=&#8221;Values&#8221; use_icon=&#8221;on&#8221; font_icon=&#8221;&#xe089;||divi||400&#8243; icon_color=&#8221;#EC008C&#8221; image_icon_width=&#8221;60px&#8221; _builder_version=&#8221;4.20.2&#8243; _module_preset=&#8221;default&#8221; header_font=&#8221;|700|||||||&#8221; header_text_align=&#8221;center&#8221; header_font_size=&#8221;22px&#8221; locked=&#8221;off&#8221; global_colors_info=&#8221;{}&#8221;]<\/p>\n<ul>\n<li><strong>Solidarity:<\/strong> with those of scarce resources.<\/li>\n<li><strong>Respect:<\/strong> for human beings.<\/li>\n<li><strong>Commitment:<\/strong> Fulfilling our responsibilities.<\/li>\n<li><strong>Perseverance:<\/strong> In compliance with and commitment to finish our projects.<\/li>\n<\/ul>\n<p>[\/et_pb_blurb][\/et_pb_column][\/et_pb_row][\/et_pb_section]<\/p>\n","protected":false},"excerpt":{"rendered":"<p>Our PathThe Foundation The earthquake of October 10, 1986, absolutely damaged one of the two existing San Nicol\u00e1s drug stores in downtown San Salvador. Grupo San Nicol\u00e1s with its social conscience and with the faith in God of its founder, Dr. V\u00edctor Silhy, took the decision to guarantee its employees their jobs. In addition, he [&hellip;]<\/p>\n","protected":false},"author":1,"featured_media":0,"parent":0,"menu_order":2,"comment_status":"closed","ping_status":"closed","template":"","meta":{"_et_pb_use_builder":"on","_et_pb_old_content":"","_et_gb_content_width":"","footnotes":""},"class_list":["post-345","page","type-page","status-publish","hentry"],"_links":{"self":[{"href":"https:\/\/www.fundacionsannicolas.org\/en\/wp-json\/wp\/v2\/pages\/345","targetHints":{"allow":["GET"]}}],"collection":[{"href":"https:\/\/www.fundacionsannicolas.org\/en\/wp-json\/wp\/v2\/pages"}],"about":[{"href":"https:\/\/www.fundacionsannicolas.org\/en\/wp-json\/wp\/v2\/types\/page"}],"author":[{"embeddable":true,"href":"https:\/\/www.fundacionsannicolas.org\/en\/wp-json\/wp\/v2\/users\/1"}],"replies":[{"embeddable":true,"href":"https:\/\/www.fundacionsannicolas.org\/en\/wp-json\/wp\/v2\/comments?post=345"}],"version-history":[{"count":4,"href":"https:\/\/www.fundacionsannicolas.org\/en\/wp-json\/wp\/v2\/pages\/345\/revisions"}],"predecessor-version":[{"id":398,"href":"https:\/\/www.fundacionsannicolas.org\/en\/wp-json\/wp\/v2\/pages\/345\/revisions\/398"}],"wp:attachment":[{"href":"https:\/\/www.fundacionsannicolas.org\/en\/wp-json\/wp\/v2\/media?parent=345"}],"curies":[{"name":"wp","href":"https:\/\/api.w.org\/{rel}","templated":true}]}}